{"id":51,"date":"2020-06-08T09:19:23","date_gmt":"2020-06-08T09:19:23","guid":{"rendered":"https:\/\/demo.keonthemes.com\/gutener\/demo9\/?page_id=5"},"modified":"2022-06-13T13:29:18","modified_gmt":"2022-06-13T13:29:18","slug":"home","status":"publish","type":"page","link":"https:\/\/cultursol.org\/","title":{"rendered":"Home"},"content":{"rendered":"\r\n<section id=\"gm5e4d374\" class=\"wp-block-gutentor-m5 section-gm5e4d374 gutentor-module gutentor-module-slider gutentor-slick-a-default-desktop gutentor-module-caption-enabled\">\r\n<div class=\"gutentor-module-slider-row\" data-dots=\"false\" data-dotstablet=\"\" data-dotsmobile=\"\" data-arrowspositiondesktop=\"gutentor-slick-a-default-desktop\" data-arrows=\"true\" data-arrowstablet=\"true\" data-arrowsmobile=\"true\" data-speed=\"3000\" data-fade=\"false\" data-infinite=\"true\" data-autoplay=\"true\" data-autoplayspeed=\"3000\">\r\n<div id=\"col-gm96a573\" class=\"wp-block-gutentor-m5-col col-gm96a573 gutentor-slider-item\">\r\n<div id=\"section-gm96a573\" class=\"section-gm96a573 gutentor-col-wrap has-image-bg has-custom-bg has-gutentor-overlay\">\r\n<div class=\"gutentor-slider-caption\">\r\n<div class=\"grid-container\">\r\n<div id=\"section-g497d92\" class=\"wp-block-gutentor-e1 section-g497d92 gutentor-element gutentor-element-advanced-text text-align-left-desktop text-align-left-tablet text-align-left-mobile\">\r\n<div class=\"gutentor-text-wrap\">\r\n<h2 class=\"gutentor-text\">Cultura e Solidariedade<\/h2>\r\n<\/div>\r\n<\/div>\r\n\r\n\r\n\r\n<div id=\"section-g7884d8\" class=\"wp-block-gutentor-e1 section-g7884d8 gutentor-element gutentor-element-advanced-text text-align-left-desktop text-align-left-tablet text-align-left-mobile\">\r\n<div class=\"gutentor-text-wrap\">\r\n<p class=\"gutentor-text\">De Todos; para Todos!<\/p>\r\n<\/div>\r\n<\/div>\r\n\r\n\r\n\r\n<div id=\"gmb78a51e\" class=\"wp-block-gutentor-m1 section-gmb78a51e gutentor-module gutentor-element-button-group button-align-left-desktop\">\r\n<div class=\"gutentor-element-button-group-wrap\">\r\n<div id=\"section-g7fb327\" class=\"wp-block-gutentor-e2 section-g7fb327 gutentor-element gutentor-element-button\"><span class=\"gutentor-button-wrap\"><a class=\"gutentor-button gutentor-block-button gutentor-icon-hide\" href=\"#\"><i class=\"gutentor-button-icon fas fa-book\"><\/i>CulturSOL<\/a><\/span><\/div>\r\n<\/div>\r\n<\/div>\r\n<\/div>\r\n<\/div>\r\n<\/div>\r\n<\/div>\r\n\r\n\r\n\r\n<div id=\"col-gmebd223\" class=\"wp-block-gutentor-m5-col col-gmebd223 gutentor-slider-item\">\r\n<div id=\"section-gmebd223\" class=\"section-gmebd223 gutentor-col-wrap has-image-bg has-custom-bg has-gutentor-overlay\">\r\n<div class=\"gutentor-slider-caption\">\r\n<div class=\"grid-container\">\r\n<div id=\"section-g6ca231\" class=\"wp-block-gutentor-e1 section-g6ca231 gutentor-element gutentor-element-advanced-text text-align-left-desktop text-align-left-tablet text-align-left-mobile\">\r\n<div class=\"gutentor-text-wrap\">\r\n<h2 class=\"gutentor-text\">Cultura e Solidariedade,<\/h2>\r\n<\/div>\r\n<\/div>\r\n\r\n\r\n\r\n<div id=\"section-g31a1d0\" class=\"wp-block-gutentor-e1 section-g31a1d0 gutentor-element gutentor-element-advanced-text text-align-left-desktop text-align-left-tablet text-align-left-mobile\">\r\n<div class=\"gutentor-text-wrap\">\r\n<p class=\"gutentor-text\">DE TODOS E PARA TODOS!<\/p>\r\n<\/div>\r\n<\/div>\r\n\r\n\r\n\r\n<div id=\"gm56dc78d\" class=\"wp-block-gutentor-m1 section-gm56dc78d gutentor-module gutentor-element-button-group button-align-left-desktop\">\r\n<div class=\"gutentor-element-button-group-wrap\">\r\n<div id=\"section-g047480\" class=\"wp-block-gutentor-e2 section-g047480 gutentor-element gutentor-element-button\"><span class=\"gutentor-button-wrap\"><a class=\"gutentor-button gutentor-block-button gutentor-icon-hide\" href=\"#\"><i class=\"gutentor-button-icon fas fa-book\"><\/i>CulturSOL<\/a><\/span><\/div>\r\n<\/div>\r\n<\/div>\r\n<\/div>\r\n<\/div>\r\n<\/div>\r\n<\/div>\r\n\r\n\r\n\r\n<div id=\"col-gm1c4731\" class=\"wp-block-gutentor-m5-col col-gm1c4731 gutentor-slider-item\">\r\n<div id=\"section-gm1c4731\" class=\"section-gm1c4731 gutentor-col-wrap has-image-bg has-custom-bg has-gutentor-overlay\">\r\n<div class=\"gutentor-slider-caption\">\r\n<div class=\"grid-container\">\r\n<div id=\"section-g8910a8\" class=\"wp-block-gutentor-e1 section-g8910a8 gutentor-element gutentor-element-advanced-text text-align-left-desktop text-align-left-tablet text-align-left-mobile\">\r\n<div class=\"gutentor-text-wrap\">\r\n<h2 class=\"gutentor-text\">Cultura e Solidariedade,<\/h2>\r\n<\/div>\r\n<\/div>\r\n\r\n\r\n\r\n<div id=\"section-g5503ec\" class=\"wp-block-gutentor-e1 section-g5503ec gutentor-element gutentor-element-advanced-text text-align-left-desktop text-align-left-tablet text-align-left-mobile\">\r\n<div class=\"gutentor-text-wrap\">\r\n<p class=\"gutentor-text\">DE TODOS E PARA TODOS!<\/p>\r\n<\/div>\r\n<\/div>\r\n\r\n\r\n\r\n<div id=\"gm517303d\" class=\"wp-block-gutentor-m1 section-gm517303d gutentor-module gutentor-element-button-group button-align-left-desktop\">\r\n<div class=\"gutentor-element-button-group-wrap\">\r\n<div id=\"section-g530951\" class=\"wp-block-gutentor-e2 section-g530951 gutentor-element gutentor-element-button\"><span class=\"gutentor-button-wrap\"><a class=\"gutentor-button gutentor-block-button gutentor-icon-hide\" href=\"#\"><i class=\"gutentor-button-icon fas fa-book\"><\/i>CulturSOL<\/a><\/span><\/div>\r\n<\/div>\r\n<\/div>\r\n<\/div>\r\n<\/div>\r\n<\/div>\r\n<\/div>\r\n\r\n\r\n\r\n<div id=\"col-gmb87e14\" class=\"wp-block-gutentor-m5-col col-gmb87e14 gutentor-slider-item\">\r\n<div id=\"section-gmb87e14\" class=\"section-gmb87e14 gutentor-col-wrap has-image-bg has-custom-bg has-gutentor-overlay\">\r\n<div class=\"gutentor-slider-caption\">\r\n<div class=\"grid-container\">\r\n<div id=\"section-g43202f\" class=\"wp-block-gutentor-e1 section-g43202f gutentor-element gutentor-element-advanced-text text-align-left-desktop text-align-left-tablet text-align-left-mobile\">\r\n<div class=\"gutentor-text-wrap\">\r\n<h2 class=\"gutentor-text\">Cultura e Solidariedade,<\/h2>\r\n<\/div>\r\n<\/div>\r\n\r\n\r\n\r\n<div id=\"section-g4e1b9a\" class=\"wp-block-gutentor-e1 section-g4e1b9a gutentor-element gutentor-element-advanced-text text-align-left-desktop text-align-left-tablet text-align-left-mobile\">\r\n<div class=\"gutentor-text-wrap\">\r\n<p class=\"gutentor-text\">DE TODOS E PARA TODOS!<\/p>\r\n<\/div>\r\n<\/div>\r\n\r\n\r\n\r\n<div id=\"gm4bef268\" class=\"wp-block-gutentor-m1 section-gm4bef268 gutentor-module gutentor-element-button-group button-align-left-desktop\">\r\n<div class=\"gutentor-element-button-group-wrap\">\r\n<div id=\"section-gcf6c68\" class=\"wp-block-gutentor-e2 section-gcf6c68 gutentor-element gutentor-element-button\"><span class=\"gutentor-button-wrap\"><a class=\"gutentor-button gutentor-block-button gutentor-icon-hide\" href=\"#\"><i class=\"gutentor-button-icon fas fa-book\"><\/i>CulturSOL<\/a><\/span><\/div>\r\n<\/div>\r\n<\/div>\r\n<\/div>\r\n<\/div>\r\n<\/div>\r\n<\/div>\r\n\r\n\r\n\r\n<div id=\"col-gm935149\" class=\"wp-block-gutentor-m5-col col-gm935149 gutentor-slider-item\">\r\n<div id=\"section-gm935149\" class=\"section-gm935149 gutentor-col-wrap has-image-bg has-custom-bg has-gutentor-overlay\">\r\n<div class=\"gutentor-slider-caption\">\r\n<div class=\"grid-container\">\r\n<div id=\"section-gada8fa\" class=\"wp-block-gutentor-e1 section-gada8fa gutentor-element gutentor-element-advanced-text text-align-left-desktop text-align-left-tablet text-align-left-mobile\">\r\n<div class=\"gutentor-text-wrap\">\r\n<h2 class=\"gutentor-text\">Cultura e Solidariedade,<\/h2>\r\n<\/div>\r\n<\/div>\r\n\r\n\r\n\r\n<div id=\"section-gf6f5f0\" class=\"wp-block-gutentor-e1 section-gf6f5f0 gutentor-element gutentor-element-advanced-text text-align-left-desktop text-align-left-tablet text-align-left-mobile\">\r\n<div class=\"gutentor-text-wrap\">\r\n<p class=\"gutentor-text\">DE TODOS E PARA TODOS!<\/p>\r\n<\/div>\r\n<\/div>\r\n\r\n\r\n\r\n<div id=\"gm356527b\" class=\"wp-block-gutentor-m1 section-gm356527b gutentor-module gutentor-element-button-group button-align-left-desktop\">\r\n<div class=\"gutentor-element-button-group-wrap\">\r\n<div id=\"section-g2a7667\" class=\"wp-block-gutentor-e2 section-g2a7667 gutentor-element gutentor-element-button\"><span class=\"gutentor-button-wrap\"><a class=\"gutentor-button gutentor-block-button gutentor-icon-hide\" href=\"#\"><i class=\"gutentor-button-icon fas fa-book\"><\/i>CulturSOL<\/a><\/span><\/div>\r\n<\/div>\r\n<\/div>\r\n<\/div>\r\n<\/div>\r\n<\/div>\r\n<\/div>\r\n<\/div>\r\n<\/section>\r\n\r\n\r\n\r\n<section id=\"gm6c2c325\" class=\"wp-block-gutentor-m4 section-gm6c2c325 gutentor-module gutentor-advanced-columns gutentor-equal-column-height\">\r\n<div class=\"grid-container\">\r\n<div class=\"grid-row\">\r\n<div id=\"col-gm4f0fd1\" class=\"wp-block-gutentor-m4-col col-gm4f0fd1 gutentor-single-column  grid-lg-5 grid-md-12 grid-12\">\r\n<div id=\"section-gm4f0fd1\" class=\"section-gm4f0fd1 gutentor-col-wrap\">\r\n<div id=\"section-g5e324d\" class=\"wp-block-gutentor-e6 section-g5e324d gutentor-element gutentor-element-image\">\r\n<div class=\"gutentor-element-image-box\">\r\n<div class=\"gutentor-bg-image\">\u00a0<\/div>\r\n<\/div>\r\n<\/div>\r\n<\/div>\r\n<\/div>\r\n\r\n\r\n\r\n<div id=\"col-gmd252c3\" class=\"wp-block-gutentor-m4-col col-gmd252c3 gutentor-single-column  grid-lg-7 grid-md-12 grid-12\">\r\n<div id=\"section-gmd252c3\" class=\"section-gmd252c3 gutentor-col-wrap\">\r\n<div id=\"section-ge87d97\" class=\"wp-block-gutentor-e1 section-ge87d97 gutentor-element gutentor-element-advanced-text text-align-left-desktop text-align-left-tablet text-align-left-mobile\">\r\n<div class=\"gutentor-text-wrap\">\r\n<h2 class=\"gutentor-text\">A Nossa Miss\u00e3o<\/h2>\r\n<\/div>\r\n<\/div>\r\n\r\n\r\n\r\n<div id=\"section-g22d586\" class=\"wp-block-gutentor-e1 section-g22d586 gutentor-element gutentor-element-advanced-text text-align-left-desktop text-align-left-tablet text-align-left-mobile\">\r\n<div class=\"gutentor-text-wrap\">\r\n<p class=\"gutentor-text\">A CulturSOL tem como principal objetivo ajudar n\u00e3o s\u00f3 os jovens a desenvolver o seu potencial mas tamb\u00e9m proporcionar experi\u00eancias diferentes e enriquecedoras aos grupos mais desfavorecidos da comunidade.<\/p>\r\n<\/div>\r\n<\/div>\r\n\r\n\r\n\r\n<div id=\"section-gd01136\" class=\"wp-block-gutentor-e1 section-gd01136 gutentor-element gutentor-element-advanced-text text-align-left-desktop text-align-left-tablet text-align-left-mobile\">\r\n<div class=\"gutentor-text-wrap\"><span class=\"gutentor-text\">Somos CulturSOL desde 2007<\/span><\/div>\r\n<\/div>\r\n<\/div>\r\n<\/div>\r\n<\/div>\r\n<\/div>\r\n<\/section>\r\n\r\n\r\n\r\n<section id=\"gmabbc412\" class=\"wp-block-gutentor-m4 section-gmabbc412 gutentor-module gutentor-advanced-columns\">\r\n<div class=\"grid-container\">\r\n<div class=\"grid-row\">\r\n<div id=\"col-gm93c6e5\" class=\"wp-block-gutentor-m4-col col-gm93c6e5 gutentor-single-column  grid-lg-6 grid-md-12 grid-12\">\r\n<div id=\"section-gm93c6e5\" class=\"section-gm93c6e5 gutentor-col-wrap\">\n<section id=\"gm7478863\" class=\"wp-block-gutentor-m4 alignfull section-gm7478863 gutentor-module gutentor-advanced-columns\"><div class=\"grid-container\"><div class=\"grid-row\">\n<div id=\"col-gmbc1ee7\" class=\"wp-block-gutentor-m4-col col-gmbc1ee7 gutentor-single-column  grid-lg-3 grid-md-12 grid-12\"><div id=\"section-gmbc1ee7\" class=\"section-gmbc1ee7 gutentor-col-wrap\">\n<div id=\"section-g70c2cb\" class=\"wp-block-gutentor-e5 section-g70c2cb gutentor-element gutentor-element-icon gutentor-icon-default\"><div class=\"gutentor-element-icon-box\"><i class=\"far fa-map\"><\/i><\/div><\/div>\n<\/div><\/div>\n\n\n\n<div id=\"col-gm920d7a\" class=\"wp-block-gutentor-m4-col col-gm920d7a gutentor-single-column  grid-lg-3 grid-md-12 grid-12\"><div id=\"section-gm920d7a\" class=\"section-gm920d7a gutentor-col-wrap\">\n<h4 class=\"wp-block-heading\">3<\/h4>\n\n\n\n<p>Pa\u00edses<\/p>\n<\/div><\/div>\n\n\n\n<div id=\"col-gma0c738\" class=\"wp-block-gutentor-m4-col col-gma0c738 gutentor-single-column  grid-lg-3 grid-md-12 grid-12\"><div id=\"section-gma0c738\" class=\"section-gma0c738 gutentor-col-wrap\">\n<div id=\"section-g922fd6\" class=\"wp-block-gutentor-e5 section-g922fd6 gutentor-element gutentor-element-icon gutentor-icon-default\"><div class=\"gutentor-element-icon-box\"><i class=\"fas fa-hand-holding-heart\"><\/i><\/div><\/div>\n<\/div><\/div>\n\n\n\n<div id=\"col-gm9f66ad\" class=\"wp-block-gutentor-m4-col col-gm9f66ad gutentor-single-column  grid-lg-3 grid-md-12 grid-12\"><div id=\"section-gm9f66ad\" class=\"section-gm9f66ad gutentor-col-wrap\">\n<h4 class=\"wp-block-heading\">\u00b1 20<\/h4>\n\n\n\n<p>Volunt\u00e1rios<\/p>\n<\/div><\/div>\n<\/div><\/div><\/section>\n<\/div>\r\n<\/div>\r\n\r\n\r\n\r\n<div id=\"col-gm7fc2ea\" class=\"wp-block-gutentor-m4-col col-gm7fc2ea gutentor-single-column  grid-lg-6 grid-md-12 grid-12\">\r\n<div id=\"section-gm7fc2ea\" class=\"section-gm7fc2ea gutentor-col-wrap\">\n<section id=\"gm24c90a9\" class=\"wp-block-gutentor-m4 alignfull section-gm24c90a9 gutentor-module gutentor-advanced-columns\"><div class=\"grid-container\"><div class=\"grid-row\">\n<div id=\"col-gm9c1bbd\" class=\"wp-block-gutentor-m4-col col-gm9c1bbd gutentor-single-column  grid-lg-3 grid-md-12 grid-12\"><div id=\"section-gm9c1bbd\" class=\"section-gm9c1bbd gutentor-col-wrap\">\n<div id=\"section-g642c8f\" class=\"wp-block-gutentor-e5 section-g642c8f gutentor-element gutentor-element-icon gutentor-icon-default\"><div class=\"gutentor-element-icon-box\"><i class=\"fas fa-people-carry\"><\/i><\/div><\/div>\n<\/div><\/div>\n\n\n\n<div id=\"col-gmecadd4\" class=\"wp-block-gutentor-m4-col col-gmecadd4 gutentor-single-column  grid-lg-3 grid-md-12 grid-12\"><div id=\"section-gmecadd4\" class=\"section-gmecadd4 gutentor-col-wrap\">\n<h4 class=\"wp-block-heading\">In\u00fameros<\/h4>\n\n\n\n<p>Jovens Ajudados<\/p>\n<\/div><\/div>\n\n\n\n<div id=\"col-gmb48781\" class=\"wp-block-gutentor-m4-col col-gmb48781 gutentor-single-column  grid-lg-3 grid-md-12 grid-12\"><div id=\"section-gmb48781\" class=\"section-gmb48781 gutentor-col-wrap\">\n<div id=\"section-g68d38c\" class=\"wp-block-gutentor-e5 section-g68d38c gutentor-element gutentor-element-icon gutentor-icon-default\"><div class=\"gutentor-element-icon-box\"><i class=\"fas fa-allergies\"><\/i><\/div><\/div>\n<\/div><\/div>\n\n\n\n<div id=\"col-gmc5817a\" class=\"wp-block-gutentor-m4-col col-gmc5817a gutentor-single-column  grid-lg-3 grid-md-12 grid-12\"><div id=\"section-gmc5817a\" class=\"section-gmc5817a gutentor-col-wrap\">\n<h4 class=\"wp-block-heading\">3<\/h4>\n\n\n\n<p>UN SDG&#8217;s<\/p>\n<\/div><\/div>\n<\/div><\/div><\/section>\n<\/div>\r\n<\/div>\r\n<\/div>\r\n<\/div>\r\n<\/section>\r\n\r\n\r\n\r\n<div class=\"wp-block-spacer\" style=\"height: 70px;\" aria-hidden=\"true\">\u00a0<\/div>\r\n\r\n\r\n\r\n<section id=\"gmda6a565\" class=\"wp-block-gutentor-m4 section-gmda6a565 gutentor-module gutentor-advanced-columns\">\r\n<div class=\"grid-container\">\r\n<div class=\"grid-row\">\r\n<div id=\"col-gmc099cb\" class=\"wp-block-gutentor-m4-col col-gmc099cb gutentor-single-column  grid-lg-2 grid-md-12 grid-12\">\r\n<div id=\"section-gmc099cb\" class=\"section-gmc099cb gutentor-col-wrap\">\u00a0<\/div>\r\n<\/div>\r\n\r\n\r\n\r\n<div id=\"col-gmee3391\" class=\"wp-block-gutentor-m4-col col-gmee3391 gutentor-single-column  grid-lg-2 grid-md-12 grid-12\">\r\n<div id=\"section-gmee3391\" class=\"section-gmee3391 gutentor-col-wrap\">\u00a0<\/div>\r\n<\/div>\r\n<\/div>\r\n<\/div>\r\n<\/section>\r\n\r\n\r\n\r\n<div class=\"wp-block-spacer\" style=\"height: 100px;\" aria-hidden=\"true\">\u00a0<\/div>\r\n\r\n\r\n\r\n<h1 class=\"has-text-align-center wp-block-heading\"><strong>A ajudar a tornar o mundo um lugar melhor,<\/strong><\/h1>\r\n\r\n\r\n\r\n<h1 class=\"has-text-align-center wp-block-heading\"><strong>um objetivo sustent\u00e1vel de cada vez<\/strong><\/h1>\r\n\r\n\r\n\r\n<div class=\"wp-block-spacer\" style=\"height: 20px;\" aria-hidden=\"true\">\u00a0<\/div>\r\n\r\n\r\n\r\n<h4 class=\"has-text-align-center wp-block-heading\">O trabalho desenvolvido pela CulturSOL vai de encontro a 3 dos 17 objetivos<\/h4>\r\n\r\n\r\n\r\n<h4 class=\"has-text-align-center wp-block-heading\">sustent\u00e1veis para o Desenvolvimento das Na\u00e7\u00f5es Unidas<\/h4>\r\n\r\n\r\n\r\n<div class=\"wp-block-spacer\" style=\"height: 40px;\" aria-hidden=\"true\">\u00a0<\/div>\r\n\r\n\r\n\r\n<section id=\"gm7b64ab7\" class=\"wp-block-gutentor-m4 section-gm7b64ab7 gutentor-module gutentor-advanced-columns\">\r\n<div class=\"grid-container\">\r\n<div class=\"grid-row\">\r\n<div id=\"col-gmd5b3e9\" class=\"wp-block-gutentor-m4-col col-gmd5b3e9 gutentor-single-column  grid-lg-3 grid-md-12 grid-12\">\r\n<div id=\"section-gmd5b3e9\" class=\"section-gmd5b3e9 gutentor-col-wrap\">\r\n<div id=\"section-gc4fe37\" class=\"wp-block-gutentor-e6 section-gc4fe37 gutentor-element gutentor-element-image\">\r\n<div class=\"gutentor-element-image-box\">\r\n<div class=\"gutentor-image-thumb\"><img decoding=\"async\" class=\"normal-image\" src=\"http:\/\/maissimples.com\/WPTest\/wp-content\/uploads\/2020\/11\/ods_1.jpg\" \/><\/div>\r\n<\/div>\r\n<\/div>\r\n<\/div>\r\n<\/div>\r\n\r\n\r\n\r\n<div id=\"col-gm904b31\" class=\"wp-block-gutentor-m4-col col-gm904b31 gutentor-single-column  grid-lg-3 grid-md-12 grid-12\">\r\n<div id=\"section-gm904b31\" class=\"section-gm904b31 gutentor-col-wrap\">\r\n<div id=\"section-ge2ffa6\" class=\"wp-block-gutentor-e6 section-ge2ffa6 gutentor-element gutentor-element-image\">\r\n<div class=\"gutentor-element-image-box\">\r\n<div class=\"gutentor-image-thumb\"><img decoding=\"async\" class=\"normal-image\" src=\"http:\/\/maissimples.com\/WPTest\/wp-content\/uploads\/2020\/11\/ods_p1.jpg\" \/><\/div>\r\n<\/div>\r\n<\/div>\r\n<\/div>\r\n<\/div>\r\n\r\n\r\n\r\n<div id=\"col-gm8690db\" class=\"wp-block-gutentor-m4-col col-gm8690db gutentor-single-column  grid-lg-3 grid-md-12 grid-12\">\r\n<div id=\"section-gm8690db\" class=\"section-gm8690db gutentor-col-wrap\">\r\n<div id=\"section-g98745d\" class=\"wp-block-gutentor-e6 section-g98745d gutentor-element gutentor-element-image\">\r\n<div class=\"gutentor-element-image-box\">\r\n<div class=\"gutentor-image-thumb\"><img decoding=\"async\" class=\"normal-image\" src=\"http:\/\/maissimples.com\/WPTest\/wp-content\/uploads\/2020\/11\/ods_p4.jpg\" \/><\/div>\r\n<\/div>\r\n<\/div>\r\n<\/div>\r\n<\/div>\r\n\r\n\r\n\r\n<div id=\"col-gm3b4f78\" class=\"wp-block-gutentor-m4-col col-gm3b4f78 gutentor-single-column  grid-lg-3 grid-md-12 grid-12\">\r\n<div id=\"section-gm3b4f78\" class=\"section-gm3b4f78 gutentor-col-wrap\">\r\n<div id=\"section-gfa8508\" class=\"wp-block-gutentor-e6 section-gfa8508 gutentor-element gutentor-element-image\">\r\n<div class=\"gutentor-element-image-box\">\r\n<div class=\"gutentor-image-thumb\"><img decoding=\"async\" class=\"normal-image\" src=\"http:\/\/maissimples.com\/WPTest\/wp-content\/uploads\/2020\/11\/ods_p17.jpg\" \/><\/div>\r\n<\/div>\r\n<\/div>\r\n\r\n\r\n\r\n<p>&nbsp;<\/p>\r\n<\/div>\r\n<\/div>\r\n<\/div>\r\n<\/div>\r\n<\/section>\r\n\r\n\r\n\r\n<div class=\"wp-block-spacer\" style=\"height: 56px;\" aria-hidden=\"true\">\u00a0<\/div>\r\n\r\n\r\n\r\n<p>&nbsp;<\/p>\r\n","protected":false},"excerpt":{"rendered":"<p>A ajudar a tornar o mundo um lugar melhor, um objetivo sustent\u00e1vel de cada vez O trabalho desenvolvido pela CulturSOL vai de encontro a 3 dos 17 objetivos sustent\u00e1veis para o Desenvolvimento das Na\u00e7\u00f5es Unidas &nbsp;<\/p>\n","protected":false},"author":1,"featured_media":0,"parent":0,"menu_order":0,"comment_status":"closed","ping_status":"closed","template":"template-gutentor-full-width.php","meta":{"footnotes":""},"class_list":["post-51","page","type-page","status-publish","hentry"],"_links":{"self":[{"href":"https:\/\/cultursol.org\/index.php?rest_route=\/wp\/v2\/pages\/51","targetHints":{"allow":["GET"]}}],"collection":[{"href":"https:\/\/cultursol.org\/index.php?rest_route=\/wp\/v2\/pages"}],"about":[{"href":"https:\/\/cultursol.org\/index.php?rest_route=\/wp\/v2\/types\/page"}],"author":[{"embeddable":true,"href":"https:\/\/cultursol.org\/index.php?rest_route=\/wp\/v2\/users\/1"}],"replies":[{"embeddable":true,"href":"https:\/\/cultursol.org\/index.php?rest_route=%2Fwp%2Fv2%2Fcomments&post=51"}],"version-history":[{"count":3,"href":"https:\/\/cultursol.org\/index.php?rest_route=\/wp\/v2\/pages\/51\/revisions"}],"predecessor-version":[{"id":605,"href":"https:\/\/cultursol.org\/index.php?rest_route=\/wp\/v2\/pages\/51\/revisions\/605"}],"wp:attachment":[{"href":"https:\/\/cultursol.org\/index.php?rest_route=%2Fwp%2Fv2%2Fmedia&parent=51"}],"curies":[{"name":"wp","href":"https:\/\/api.w.org\/{rel}","templated":true}]}}